{"id":173,"date":"2019-03-14T14:57:47","date_gmt":"2019-03-14T14:57:47","guid":{"rendered":"http:\/\/iwebdc.com\/demo\/ostrya\/?page_id=173"},"modified":"2023-11-02T22:59:30","modified_gmt":"2023-11-02T22:59:30","slug":"home","status":"publish","type":"page","link":"https:\/\/interplomeriabogota.com\/","title":{"rendered":"Inicio"},"content":{"rendered":"<p>[vc_row wdc_remove_padding=&#8221;yes&#8221; wdc_full_width=&#8221;2&#8243;][vc_column offset=&#8221;vc_hidden-sm vc_hidden-xs&#8221;]\n\t\t\t<!-- START banner REVOLUTION SLIDER 6.1.8 --><p class=\"rs-p-wp-fix\"><\/p>\n\t\t\t<rs-module-wrap id=\"rev_slider_1_1_wrapper\" data-source=\"gallery\" style=\"background:transparent;padding:0;margin:0px auto;margin-top:0;margin-bottom:0;max-width:\">\n\t\t\t\t<rs-module id=\"rev_slider_1_1\" style=\"display:none;\" data-version=\"6.1.8\">\n\t\t\t\t\t<rs-slides>\n\t\t\t\t\t\t<rs-slide data-key=\"rs-1\" data-title=\"Slide\" data-anim=\"ei:d;eo:d;s:d;r:0;t:boxslide;sl:d;\">\n\t\t\t\t\t\t\t<img loading=\"lazy\" decoding=\"async\" src=\"\/\/interplomeriabogota.com\/wp-content\/uploads\/2022\/09\/BANNER-3.jpg\" title=\"BANNER-3\" width=\"1900\" height=\"769\" class=\"rev-slidebg\" data-no-retina>\n<!---->\t\t\t\t\t\t<\/rs-slide>\n\t\t\t\t\t<\/rs-slides>\n\t\t\t\t\t<rs-progress class=\"rs-bottom\" style=\"visibility: hidden !important;\"><\/rs-progress>\n\t\t\t\t<\/rs-module>\n\t\t\t\t<script type=\"text\/javascript\">\n\t\t\t\t\tsetREVStartSize({c: 'rev_slider_1_1',rl:[1240,1024,1024,1024],el:[769,768,768,768],gw:[1900,1024,1024,1024],gh:[769,768,768,768],type:'standard',justify:'',layout:'fullwidth',mh:\"0\"});\n\t\t\t\t\tvar\trevapi1,\n\t\t\t\t\t\ttpj;\n\t\t\t\t\tjQuery(function() {\n\t\t\t\t\t\ttpj = jQuery;\n\t\t\t\t\t\tif(tpj(\"#rev_slider_1_1\").revolution == undefined){\n\t\t\t\t\t\t\trevslider_showDoubleJqueryError(\"#rev_slider_1_1\");\n\t\t\t\t\t\t}else{\n\t\t\t\t\t\t\trevapi1 = tpj(\"#rev_slider_1_1\").show().revolution({\n\t\t\t\t\t\t\t\tjsFileLocation:\"\/\/interplomeriabogota.com\/wp-content\/plugins\/revslider\/public\/assets\/js\/\",\n\t\t\t\t\t\t\t\tvisibilityLevels:\"1240,1024,1024,1024\",\n\t\t\t\t\t\t\t\tgridwidth:\"1900,1024,1024,1024\",\n\t\t\t\t\t\t\t\tgridheight:\"769,768,768,768\",\n\t\t\t\t\t\t\t\tspinner:\"spinner0\",\n\t\t\t\t\t\t\t\teditorheight:\"769,768,960,720\",\n\t\t\t\t\t\t\t\tresponsiveLevels:\"1240,1024,1024,1024\",\n\t\t\t\t\t\t\t\tdisableProgressBar:\"on\",\n\t\t\t\t\t\t\t\tnavigation: {\n\t\t\t\t\t\t\t\t\tonHoverStop:false\n\t\t\t\t\t\t\t\t},\n\t\t\t\t\t\t\t\tfallbacks: {\n\t\t\t\t\t\t\t\t\tallowHTML5AutoPlayOnAndroid:true\n\t\t\t\t\t\t\t\t},\n\t\t\t\t\t\t\t});\n\t\t\t\t\t\t}\n\t\t\t\t\t\t\n\t\t\t\t\t});\n\t\t\t\t<\/script>\n\t\t\t<\/rs-module-wrap>\n\t\t\t<!-- END REVOLUTION SLIDER -->\n[\/vc_column][\/vc_row][vc_row wdc_remove_padding=&#8221;yes&#8221; wdc_full_width=&#8221;2&#8243;][vc_column offset=&#8221;vc_hidden-lg vc_hidden-md&#8221;][vc_single_image image=&#8221;1177&#8243; img_size=&#8221;full&#8221; alignment=&#8221;center&#8221;][\/vc_column][\/vc_row][vc_row css=&#8221;.vc_custom_1477547929095{padding-top: 60px !important;padding-bottom: 60px !important;}&#8221;][vc_column][vc_row_inner][vc_column_inner][\/vc_column_inner][\/vc_row_inner][vc_row_inner css=&#8221;.vc_custom_1663363252406{background-color: #ffffff !important;}&#8221; el_id=&#8221;Nosotros&#8221;][vc_column_inner width=&#8221;1\/2&#8243; css=&#8221;.vc_custom_1471344135554{margin: 0px !important;padding: 0px !important;}&#8221;][vc_empty_space height=&#8221;30&#8243;][vc_single_image image=&#8221;1147&#8243; img_size=&#8221;full&#8221; alignment=&#8221;center&#8221; style=&#8221;vc_box_rounded&#8221; onclick=&#8221;zoom&#8221; css_animation=&#8221;fadeInRight&#8221; css=&#8221;.vc_custom_1663363221476{margin-bottom: 0px !important;}&#8221;][\/vc_column_inner][vc_column_inner width=&#8221;1\/2&#8243; css=&#8221;.vc_custom_1480936918536{margin-bottom: 0px !important;padding-top: 15% !important;padding-right: 10% !important;padding-bottom: 10% !important;padding-left: 10% !important;}&#8221;][vc_empty_space height=&#8221;15px&#8221;][vc_empty_space height=&#8221;15px&#8221;][vc_custom_heading text=&#8221;POR QU\u00c9 ELEGIRNOS&#8221; font_container=&#8221;tag:h2|text_align:left|color:%23fe5a13&#8243; google_fonts=&#8221;font_family:Days%20One%3Aregular|font_style:400%20regular%3A400%3Anormal&#8221;][vc_empty_space height=&#8221;15px&#8221;][vc_empty_space height=&#8221;15px&#8221;][vc_column_text]<\/p>\n<p style=\"text-align: justify;\"><strong><span style=\"color: #002d80;\">Somos una empresa que presta un servicio especializado, profesional y con los m\u00e1s altos est\u00e1ndares de calidad, adem\u00e1s de eso contamos con atenci\u00f3n 24\/7 para todos nuestros clientes.<\/span><\/strong><\/p>\n<p>[\/vc_column_text][\/vc_column_inner][\/vc_row_inner][\/vc_column][\/vc_row][vc_row parallax=&#8221;content-moving&#8221; parallax_image=&#8221;1130&#8243; parallax_speed_bg=&#8221;1.4&#8243; wdc_font_color=&#8221;#ffffff&#8221; css=&#8221;.vc_custom_1663281762102{margin-bottom: 0px !important;padding-top: 60px !important;padding-bottom: 60px !important;}&#8221; el_id=&#8221;Nuestrosservicios&#8221;][vc_column][vc_custom_heading text=&#8221;NUESTROS SERVICIOS&#8221; font_container=&#8221;tag:h2|text_align:center|color:%23ffffff&#8221; google_fonts=&#8221;font_family:Days%20One%3Aregular|font_style:400%20regular%3A400%3Anormal&#8221;][vc_custom_heading text=&#8221;Nos Especializamos En&#8221; font_container=&#8221;tag:h3|text_align:center|color:%23ffffff&#8221; google_fonts=&#8221;font_family:Days%20One%3Aregular|font_style:400%20regular%3A400%3Anormal&#8221;][vc_empty_space][vc_row_inner][vc_column_inner width=&#8221;1\/4&#8243;][vc_single_image image=&#8221;1161&#8243; img_size=&#8221;full&#8221; style=&#8221;vc_box_shadow_border_circle&#8221; onclick=&#8221;zoom&#8221; css_animation=&#8221;bounceIn&#8221;][vc_empty_space height=&#8221;30&#8243;][wdc_heading align=&#8221;center&#8221; title=&#8221;Servicios de plomer\u00eda en general&#8221;][\/wdc_heading][\/vc_column_inner][vc_column_inner width=&#8221;1\/4&#8243;][vc_single_image image=&#8221;1163&#8243; img_size=&#8221;full&#8221; style=&#8221;vc_box_shadow_border_circle&#8221; onclick=&#8221;zoom&#8221; css_animation=&#8221;bounceIn&#8221;][vc_empty_space height=&#8221;30&#8243;][wdc_heading align=&#8221;center&#8221; title=&#8221;Destapamos ca\u00f1er\u00edas&#8221;]sin romper con sonda el\u00e9ctrica[\/wdc_heading][\/vc_column_inner][vc_column_inner width=&#8221;1\/4&#8243;][vc_single_image image=&#8221;1165&#8243; img_size=&#8221;full&#8221; style=&#8221;vc_box_shadow_border_circle&#8221; onclick=&#8221;zoom&#8221; css_animation=&#8221;bounceIn&#8221;][vc_empty_space height=&#8221;30&#8243;][wdc_heading align=&#8221;center&#8221; title=&#8221;Aumento de presi\u00f3n de agua&#8221;][\/wdc_heading][\/vc_column_inner][vc_column_inner width=&#8221;1\/4&#8243;][vc_single_image image=&#8221;1167&#8243; img_size=&#8221;full&#8221; style=&#8221;vc_box_shadow_border_circle&#8221; onclick=&#8221;zoom&#8221; css_animation=&#8221;bounceIn&#8221;][vc_empty_space height=&#8221;30&#8243;][wdc_heading align=&#8221;center&#8221; title=&#8221;Filtraciones e impermeabilizaciones&#8221;]reparamos cualquier tipo de filtraci\u00f3n e impermeabilizamos cualquier tipo de superficies[\/wdc_heading][\/vc_column_inner][\/vc_row_inner][vc_row_inner][vc_column_inner width=&#8221;1\/4&#8243;][vc_single_image image=&#8221;1159&#8243; img_size=&#8221;full&#8221; style=&#8221;vc_box_shadow_border_circle&#8221; onclick=&#8221;zoom&#8221; css_animation=&#8221;bounceIn&#8221;][vc_empty_space height=&#8221;30&#8243;][wdc_heading align=&#8221;center&#8221; title=&#8221;Instalaciones hidr\u00e1ulicas y sanitarias&#8221;][\/wdc_heading][\/vc_column_inner][vc_column_inner width=&#8221;1\/4&#8243;][vc_single_image image=&#8221;1157&#8243; img_size=&#8221;full&#8221; style=&#8221;vc_box_shadow_border_circle&#8221; onclick=&#8221;zoom&#8221; css_animation=&#8221;bounceIn&#8221;][vc_empty_space height=&#8221;30&#8243;][wdc_heading align=&#8221;center&#8221; title=&#8221;Reparaci\u00f3n de calentadores&#8221;]equipos a gas[\/wdc_heading][\/vc_column_inner][vc_column_inner width=&#8221;1\/4&#8243;][vc_single_image image=&#8221;1153&#8243; img_size=&#8221;full&#8221; style=&#8221;vc_box_shadow_border_circle&#8221; onclick=&#8221;zoom&#8221; css_animation=&#8221;bounceIn&#8221;][vc_empty_space height=&#8221;30&#8243;][wdc_heading align=&#8221;center&#8221; title=&#8221;Servicio de ge\u00f3fono&#8221;]detectamos cualquier fuga que exista sin romper[\/wdc_heading][\/vc_column_inner][vc_column_inner width=&#8221;1\/4&#8243;][vc_single_image image=&#8221;1155&#8243; img_size=&#8221;full&#8221; style=&#8221;vc_box_shadow_border_circle&#8221; onclick=&#8221;zoom&#8221; css_animation=&#8221;bounceIn&#8221;][vc_empty_space height=&#8221;30&#8243;][wdc_heading align=&#8221;center&#8221; title=&#8221;Reparaci\u00f3n de tuber\u00edas y soldaduras en cobre&#8221;][\/wdc_heading][\/vc_column_inner][\/vc_row_inner][\/vc_column][\/vc_row][vc_row el_id=&#8221;Contactenos&#8221;][vc_column][vc_empty_space height=&#8221;30&#8243;][vc_custom_heading text=&#8221;CONT\u00c1CTENOS&#8221; font_container=&#8221;tag:h2|text_align:center|color:%23002d80&#8243; google_fonts=&#8221;font_family:Days%20One%3Aregular|font_style:400%20regular%3A400%3Anormal&#8221;]\n<div class=\"wpcf7 no-js\" id=\"wpcf7-f263-o1\" lang=\"en-US\" dir=\"ltr\" data-wpcf7-id=\"263\">\n<div class=\"screen-reader-response\"><p role=\"status\" aria-live=\"polite\" aria-atomic=\"true\"><\/p> <ul><\/ul><\/div>\n<form action=\"\/index.php?rest_route=%2Fwp%2Fv2%2Fpages%2F173#wpcf7-f263-o1\" method=\"post\" class=\"wpcf7-form init\" aria-label=\"Contact form\" novalidate=\"novalidate\" data-status=\"init\">\n<fieldset class=\"hidden-fields-container\"><input type=\"hidden\" name=\"_wpcf7\" value=\"263\" \/><input type=\"hidden\" name=\"_wpcf7_version\" value=\"6.1\" \/><input type=\"hidden\" name=\"_wpcf7_locale\" value=\"en_US\" \/><input type=\"hidden\" name=\"_wpcf7_unit_tag\" value=\"wpcf7-f263-o1\" \/><input type=\"hidden\" name=\"_wpcf7_container_post\" value=\"0\" \/><input type=\"hidden\" name=\"_wpcf7_posted_data_hash\" value=\"\" \/>\n<\/fieldset>\n<p><span class=\"wpcf7-form-control-wrap\" data-name=\"your-fname\"><input size=\"40\" maxlength=\"400\" class=\"wpcf7-form-control wpcf7-text wpcf7-validates-as-required\" aria-required=\"true\" aria-invalid=\"false\" placeholder=\"Nombre *\" value=\"\" type=\"text\" name=\"your-fname\" \/><\/span>\n<\/p>\n<p><span class=\"wpcf7-form-control-wrap\" data-name=\"your-email\"><input size=\"40\" maxlength=\"400\" class=\"wpcf7-form-control wpcf7-email wpcf7-validates-as-required wpcf7-text wpcf7-validates-as-email\" aria-required=\"true\" aria-invalid=\"false\" placeholder=\"Correo *\" value=\"\" type=\"email\" name=\"your-email\" \/><\/span>\n<\/p>\n<p><span class=\"wpcf7-form-control-wrap\" data-name=\"your-subject\"><input size=\"40\" maxlength=\"400\" class=\"wpcf7-form-control wpcf7-text\" aria-invalid=\"false\" placeholder=\"Asunto\" value=\"\" type=\"text\" name=\"your-subject\" \/><\/span>\n<\/p>\n<p><span class=\"wpcf7-form-control-wrap\" data-name=\"your-message\"><textarea cols=\"40\" rows=\"10\" maxlength=\"2000\" class=\"wpcf7-form-control wpcf7-textarea\" aria-invalid=\"false\" placeholder=\"Mensaje\" name=\"your-message\"><\/textarea><\/span>\n<\/p>\n<p><input class=\"wpcf7-form-control wpcf7-submit has-spinner\" type=\"submit\" value=\"Enviar mensaje\" \/>\n<\/p><div class=\"wpcf7-response-output\" aria-hidden=\"true\"><\/div>\n<\/form>\n<\/div>\n[\/vc_column][\/vc_row]<\/p>\n","protected":false},"excerpt":{"rendered":"<p>[vc_row wdc_remove_padding=&#8221;yes&#8221; wdc_full_width=&#8221;2&#8243;][vc_column offset=&#8221;vc_hidden-sm vc_hidden-xs&#8221;][\/vc_column][\/vc_row][vc_row wdc_remove_padding=&#8221;yes&#8221; wdc_full_width=&#8221;2&#8243;][vc_column offset=&#8221;vc_hidden-lg vc_hidden-md&#8221;][vc_single_image image=&#8221;1177&#8243; img_size=&#8221;full&#8221; alignment=&#8221;center&#8221;][\/vc_column][\/vc_row][vc_row css=&#8221;.vc_custom_1477547929095{padding-top: 60px !important;padding-bottom: 60px !important;}&#8221;][vc_column][vc_row_inner][vc_column_inner][\/vc_column_inner][\/vc_row_inner][vc_row_inner css=&#8221;.vc_custom_1663363252406{background-color: #ffffff !important;}&#8221; el_id=&#8221;Nosotros&#8221;][vc_column_inner width=&#8221;1\/2&#8243; css=&#8221;.vc_custom_1471344135554{margin: 0px !important;padding: 0px !important;}&#8221;][vc_empty_space height=&#8221;30&#8243;][vc_single_image image=&#8221;1147&#8243; img_size=&#8221;full&#8221; alignment=&#8221;center&#8221; style=&#8221;vc_box_rounded&#8221; onclick=&#8221;zoom&#8221; css_animation=&#8221;fadeInRight&#8221; css=&#8221;.vc_custom_1663363221476{margin-bottom: 0px !important;}&#8221;][\/vc_column_inner][vc_column_inner width=&#8221;1\/2&#8243; css=&#8221;.vc_custom_1480936918536{margin-bottom: 0px !important;padding-top: 15% !important;padding-right: 10% !important;padding-bottom: 10% !important;padding-left: 10% !important;}&#8221;][vc_empty_space height=&#8221;15px&#8221;][vc_empty_space height=&#8221;15px&#8221;][vc_custom_heading text=&#8221;POR QU\u00c9 ELEGIRNOS&#8221; font_container=&#8221;tag:h2|text_align:left|color:%23fe5a13&#8243; [&hellip;]<\/p>\n","protected":false},"author":1,"featured_media":0,"parent":0,"menu_order":0,"comment_status":"closed","ping_status":"closed","template":"","meta":{"_monsterinsights_skip_tracking":false,"_monsterinsights_sitenote_active":false,"_monsterinsights_sitenote_note":"","_monsterinsights_sitenote_category":0,"_joinchat":[],"footnotes":""},"class_list":["post-173","page","type-page","status-publish","hentry"],"aioseo_notices":[],"_links":{"self":[{"href":"https:\/\/interplomeriabogota.com\/index.php?rest_route=\/wp\/v2\/pages\/173","targetHints":{"allow":["GET"]}}],"collection":[{"href":"https:\/\/interplomeriabogota.com\/index.php?rest_route=\/wp\/v2\/pages"}],"about":[{"href":"https:\/\/interplomeriabogota.com\/index.php?rest_route=\/wp\/v2\/types\/page"}],"author":[{"embeddable":true,"href":"https:\/\/interplomeriabogota.com\/index.php?rest_route=\/wp\/v2\/users\/1"}],"replies":[{"embeddable":true,"href":"https:\/\/interplomeriabogota.com\/index.php?rest_route=%2Fwp%2Fv2%2Fcomments&post=173"}],"version-history":[{"count":85,"href":"https:\/\/interplomeriabogota.com\/index.php?rest_route=\/wp\/v2\/pages\/173\/revisions"}],"predecessor-version":[{"id":1181,"href":"https:\/\/interplomeriabogota.com\/index.php?rest_route=\/wp\/v2\/pages\/173\/revisions\/1181"}],"wp:attachment":[{"href":"https:\/\/interplomeriabogota.com\/index.php?rest_route=%2Fwp%2Fv2%2Fmedia&parent=173"}],"curies":[{"name":"wp","href":"https:\/\/api.w.org\/{rel}","templated":true}]}}